{"id":4923,"date":"2023-10-11T15:39:36","date_gmt":"2023-10-11T15:39:36","guid":{"rendered":"https:\/\/cw.accuratedev.ca\/understanding-fr\/united-national-declaration-on-the-rights-of-indigenous-peoples\/"},"modified":"2024-04-02T13:16:54","modified_gmt":"2024-04-02T13:16:54","slug":"declaration-des-nations-unies-sur-les-droits-des-peuples-autochtones","status":"publish","type":"page","link":"https:\/\/indigenousheritage.ca\/fr\/comprehension\/declaration-des-nations-unies-sur-les-droits-des-peuples-autochtones\/","title":{"rendered":"D\u00e9claration des Nations Unies sur les droits des peuples autochtones"},"content":{"rendered":"\t\t<div data-elementor-type=\"wp-page\" data-elementor-id=\"4923\" class=\"elementor elementor-4923 elementor-4679\" data-elementor-post-type=\"page\">\n\t\t\t\t<div class=\"elementor-element elementor-element-aa2f70f e-con-full e-flex e-con e-parent\" data-id=\"aa2f70f\" data-element_type=\"container\">\n\t\t\t\t<div class=\"elementor-element elementor-element-b093ec4 intro-text elementor-widget elementor-widget-text-editor\" data-id=\"b093ec4\" data-element_type=\"widget\" data-widget_type=\"text-editor.default\">\n\t\t\t\t<div class=\"elementor-widget-container\">\n\t\t\t\t\t\t\t\t\t<p>La DNUDPA a \u00e9t\u00e9 adopt\u00e9e par les Nations Unies (ONU) en 2007 apr\u00e8s 25 ans de mobilisation continue de la part de groupes autochtones au sujet de violations r\u00e9p\u00e9t\u00e9es de leur droits humains, tels que d\u00e9finis par la D\u00e9claration des droits de l\u2019homme de l\u2019ONU. La DNUDPA est un appel \u00e9loquent \u00e0 la reconnaissance des droits de l&#8217;homme individuels et collectifs des autochtones. Bien qu&#8217;une d\u00e9claration des Nations unies n&#8217;ait pas, en soi, le statut de loi, les aspirations d&#8217;une d\u00e9claration peuvent influencer le droit et la politique dans des \u00c9tats souverains comme le Canada.<\/p>\t\t\t\t\t\t\t\t<\/div>\n\t\t\t\t<\/div>\n\t\t\t\t<\/div>\n\t\t<div class=\"elementor-element elementor-element-bbffbc3 e-con-full e-flex e-con e-parent\" data-id=\"bbffbc3\" data-element_type=\"container\">\n\t\t\t\t<div class=\"elementor-element elementor-element-a1c1f12 elementor-widget__width-initial elementor-widget elementor-widget-text-editor\" data-id=\"a1c1f12\" data-element_type=\"widget\" data-widget_type=\"text-editor.default\">\n\t\t\t\t<div class=\"elementor-widget-container\">\n\t\t\t\t\t\t\t\t\t<p>Le Canada a officiellement adopt\u00e9 la D\u00e9claration en 2016. En 2019, la province de la Colombie-Britannique a adopt\u00e9 la loi sur la D\u00e9claration des droits des peuples autochtones. En 2021, le projet de loi C-51 a \u00e9t\u00e9 adopt\u00e9 par le Parlement du Canada pour planifier la mise en \u0153uvre de la D\u00e9claration au niveau f\u00e9d\u00e9ral.<\/p><p>La mise en \u0153uvre de la DNUDPA n\u00e9cessitera des espaces o\u00f9 les peuples autochtones pourront exprimer leurs frustrations et o\u00f9 les gouvernements se tiendront \u00e0 l&#8217;\u00e9cart pour apprendre et \u00e9couter. C&#8217;est l&#8217;occasion pour les gouvernements d&#8217;admettre qu&#8217;ils doivent changer leur fa\u00e7on de penser. Mais il faut aussi que les peuples autochtones s&#8217;impliquent r\u00e9ellement, car il s&#8217;agit d&#8217;un processus, pas d&#8217;une baguette magique. Nous devons nous impliquer et r\u00e9fl\u00e9chir \u00e0 ce que cela signifie pour nous. Les termes \u00ab\u00a0culture\u00a0\u00bb, \u00ab\u00a0traditions\u00a0\u00bb, \u00ab\u00a0expressions\u00a0\u00bb, \u00ab\u00a0arts\u00a0\u00bb et \u00ab\u00a0langues\u00a0\u00bb figurent dans de nombreux articles de la D\u00e9claration, ce qui montre bien l&#8217;importance accord\u00e9e aux droits des peuples autochtones de prot\u00e9ger et de d\u00e9finir collectivement leur identit\u00e9 et leur patrimoine. Le droit des peuples autochtones \u00e0 d\u00e9finir la signification de ces termes est tout aussi important.<\/p><p>Lisez le rapport du CPA\u00a0sur le <a href=\"https:\/\/indigenousheritage.ca\/understanding\/united-national-declaration-on-the-rights-of-indigenous-peoples\/\">patrimoine autochtone et la D\u00e9claration sur les Nations Unies sur les droits des peuples autochtones<\/a><\/p>\t\t\t\t\t\t\t\t<\/div>\n\t\t\t\t<\/div>\n\t\t<div class=\"elementor-element elementor-element-c1dd780 e-con-full e-flex e-con e-child\" data-id=\"c1dd780\" data-element_type=\"container\">\n\t\t\t\t<div class=\"elementor-element elementor-element-4ad86cf elementor-widget__width-initial elementor-widget elementor-widget-image\" data-id=\"4ad86cf\" data-element_type=\"widget\" data-widget_type=\"image.default\">\n\t\t\t\t<div class=\"elementor-widget-container\">\n\t\t\t\t\t\t\t\t\t\t\t\t\t\t\t<img fetchpriority=\"high\" decoding=\"async\" width=\"640\" height=\"436\" src=\"https:\/\/indigenousheritage.ca\/wp-content\/uploads\/thumb-about-min-1024x698.jpg\" class=\"attachment-large size-large wp-image-4639\" alt=\"Two men building a canoe\" srcset=\"https:\/\/indigenousheritage.ca\/wp-content\/uploads\/thumb-about-min-1024x698.jpg 1024w, https:\/\/indigenousheritage.ca\/wp-content\/uploads\/thumb-about-min-300x205.jpg 300w, https:\/\/indigenousheritage.ca\/wp-content\/uploads\/thumb-about-min-768x524.jpg 768w, https:\/\/indigenousheritage.ca\/wp-content\/uploads\/thumb-about-min.jpg 1200w\" sizes=\"(max-width: 640px) 100vw, 640px\" \/>\t\t\t\t\t\t\t\t\t\t\t\t\t\t\t<\/div>\n\t\t\t\t<\/div>\n\t\t\t\t<\/div>\n\t\t\t\t<\/div>\n\t\t\t\t<\/div>\n\t\t","protected":false},"excerpt":{"rendered":"<p>La DNUDPA a \u00e9t\u00e9 adopt\u00e9e par les Nations Unies (ONU) en 2007 apr\u00e8s 25 ans de mobilisation continue de la part de groupes autochtones au sujet de violations r\u00e9p\u00e9t\u00e9es de leur droits humains, tels que d\u00e9finis par la D\u00e9claration des droits de l\u2019homme de l\u2019ONU. La DNUDPA est un appel \u00e9loquent \u00e0 la reconnaissance des [&hellip;]<\/p>\n","protected":false},"author":2,"featured_media":0,"parent":4907,"menu_order":0,"comment_status":"closed","ping_status":"closed","template":"","meta":{"_acf_changed":false,"footnotes":"","_wp_rev_ctl_limit":""},"class_list":["post-4923","page","type-page","status-publish","hentry"],"acf":[],"yoast_head":"<!-- This site is optimized with the Yoast SEO plugin v27.4 - https:\/\/yoast.com\/product\/yoast-seo-wordpress\/ -->\n<title>D\u00e9claration des Nations Unies sur les droits des peuples autochtones - Indigenous Heritage Circle<\/title>\n<meta name=\"robots\" content=\"index, follow, max-snippet:-1, max-image-preview:large, max-video-preview:-1\" \/>\n<link rel=\"canonical\" href=\"https:\/\/indigenousheritage.ca\/fr\/comprehension\/declaration-des-nations-unies-sur-les-droits-des-peuples-autochtones\/\" \/>\n<meta property=\"og:locale\" content=\"fr_FR\" \/>\n<meta property=\"og:type\" content=\"article\" \/>\n<meta property=\"og:title\" content=\"D\u00e9claration des Nations Unies sur les droits des peuples autochtones - Indigenous Heritage Circle\" \/>\n<meta property=\"og:description\" content=\"La DNUDPA a \u00e9t\u00e9 adopt\u00e9e par les Nations Unies (ONU) en 2007 apr\u00e8s 25 ans de mobilisation continue de la part de groupes autochtones au sujet de violations r\u00e9p\u00e9t\u00e9es de leur droits humains, tels que d\u00e9finis par la D\u00e9claration des droits de l\u2019homme de l\u2019ONU. La DNUDPA est un appel \u00e9loquent \u00e0 la reconnaissance des [&hellip;]\" \/>\n<meta property=\"og:url\" content=\"https:\/\/indigenousheritage.ca\/fr\/comprehension\/declaration-des-nations-unies-sur-les-droits-des-peuples-autochtones\/\" \/>\n<meta property=\"og:site_name\" content=\"Indigenous Heritage Circle\" \/>\n<meta property=\"article:modified_time\" content=\"2024-04-02T13:16:54+00:00\" \/>\n<meta property=\"og:image\" content=\"https:\/\/indigenousheritage.ca\/wp-content\/uploads\/thumb-about-min-1024x698.jpg\" \/>\n<meta name=\"twitter:card\" content=\"summary_large_image\" \/>\n<meta name=\"twitter:label1\" content=\"Est. reading time\" \/>\n\t<meta name=\"twitter:data1\" content=\"2 minutes\" \/>\n<script type=\"application\/ld+json\" class=\"yoast-schema-graph\">{\"@context\":\"https:\\\/\\\/schema.org\",\"@graph\":[{\"@type\":\"WebPage\",\"@id\":\"https:\\\/\\\/indigenousheritage.ca\\\/fr\\\/comprehension\\\/declaration-des-nations-unies-sur-les-droits-des-peuples-autochtones\\\/\",\"url\":\"https:\\\/\\\/indigenousheritage.ca\\\/fr\\\/comprehension\\\/declaration-des-nations-unies-sur-les-droits-des-peuples-autochtones\\\/\",\"name\":\"D\u00e9claration des Nations Unies sur les droits des peuples autochtones - Indigenous Heritage Circle\",\"isPartOf\":{\"@id\":\"https:\\\/\\\/indigenousheritage.ca\\\/#website\"},\"primaryImageOfPage\":{\"@id\":\"https:\\\/\\\/indigenousheritage.ca\\\/fr\\\/comprehension\\\/declaration-des-nations-unies-sur-les-droits-des-peuples-autochtones\\\/#primaryimage\"},\"image\":{\"@id\":\"https:\\\/\\\/indigenousheritage.ca\\\/fr\\\/comprehension\\\/declaration-des-nations-unies-sur-les-droits-des-peuples-autochtones\\\/#primaryimage\"},\"thumbnailUrl\":\"https:\\\/\\\/indigenousheritage.ca\\\/wp-content\\\/uploads\\\/thumb-about-min-1024x698.jpg\",\"datePublished\":\"2023-10-11T15:39:36+00:00\",\"dateModified\":\"2024-04-02T13:16:54+00:00\",\"breadcrumb\":{\"@id\":\"https:\\\/\\\/indigenousheritage.ca\\\/fr\\\/comprehension\\\/declaration-des-nations-unies-sur-les-droits-des-peuples-autochtones\\\/#breadcrumb\"},\"inLanguage\":\"fr-FR\",\"potentialAction\":[{\"@type\":\"ReadAction\",\"target\":[\"https:\\\/\\\/indigenousheritage.ca\\\/fr\\\/comprehension\\\/declaration-des-nations-unies-sur-les-droits-des-peuples-autochtones\\\/\"]}]},{\"@type\":\"ImageObject\",\"inLanguage\":\"fr-FR\",\"@id\":\"https:\\\/\\\/indigenousheritage.ca\\\/fr\\\/comprehension\\\/declaration-des-nations-unies-sur-les-droits-des-peuples-autochtones\\\/#primaryimage\",\"url\":\"https:\\\/\\\/indigenousheritage.ca\\\/wp-content\\\/uploads\\\/thumb-about-min-1024x698.jpg\",\"contentUrl\":\"https:\\\/\\\/indigenousheritage.ca\\\/wp-content\\\/uploads\\\/thumb-about-min-1024x698.jpg\"},{\"@type\":\"BreadcrumbList\",\"@id\":\"https:\\\/\\\/indigenousheritage.ca\\\/fr\\\/comprehension\\\/declaration-des-nations-unies-sur-les-droits-des-peuples-autochtones\\\/#breadcrumb\",\"itemListElement\":[{\"@type\":\"ListItem\",\"position\":1,\"name\":\"Home\",\"item\":\"https:\\\/\\\/indigenousheritage.ca\\\/fr\\\/\"},{\"@type\":\"ListItem\",\"position\":2,\"name\":\"Compr\u00e9hension\",\"item\":\"https:\\\/\\\/indigenousheritage.ca\\\/fr\\\/comprehension\\\/\"},{\"@type\":\"ListItem\",\"position\":3,\"name\":\"D\u00e9claration des Nations Unies sur les droits des peuples autochtones\"}]},{\"@type\":\"WebSite\",\"@id\":\"https:\\\/\\\/indigenousheritage.ca\\\/#website\",\"url\":\"https:\\\/\\\/indigenousheritage.ca\\\/\",\"name\":\"Indigenous Heritage Circle\",\"description\":\"Advancing Indigenous Cultural Knowledge\",\"potentialAction\":[{\"@type\":\"SearchAction\",\"target\":{\"@type\":\"EntryPoint\",\"urlTemplate\":\"https:\\\/\\\/indigenousheritage.ca\\\/?s={search_term_string}\"},\"query-input\":{\"@type\":\"PropertyValueSpecification\",\"valueRequired\":true,\"valueName\":\"search_term_string\"}}],\"inLanguage\":\"fr-FR\"}]}<\/script>\n<!-- \/ Yoast SEO plugin. -->","yoast_head_json":{"title":"D\u00e9claration des Nations Unies sur les droits des peuples autochtones - Indigenous Heritage Circle","robots":{"index":"index","follow":"follow","max-snippet":"max-snippet:-1","max-image-preview":"max-image-preview:large","max-video-preview":"max-video-preview:-1"},"canonical":"https:\/\/indigenousheritage.ca\/fr\/comprehension\/declaration-des-nations-unies-sur-les-droits-des-peuples-autochtones\/","og_locale":"fr_FR","og_type":"article","og_title":"D\u00e9claration des Nations Unies sur les droits des peuples autochtones - Indigenous Heritage Circle","og_description":"La DNUDPA a \u00e9t\u00e9 adopt\u00e9e par les Nations Unies (ONU) en 2007 apr\u00e8s 25 ans de mobilisation continue de la part de groupes autochtones au sujet de violations r\u00e9p\u00e9t\u00e9es de leur droits humains, tels que d\u00e9finis par la D\u00e9claration des droits de l\u2019homme de l\u2019ONU. La DNUDPA est un appel \u00e9loquent \u00e0 la reconnaissance des [&hellip;]","og_url":"https:\/\/indigenousheritage.ca\/fr\/comprehension\/declaration-des-nations-unies-sur-les-droits-des-peuples-autochtones\/","og_site_name":"Indigenous Heritage Circle","article_modified_time":"2024-04-02T13:16:54+00:00","og_image":[{"url":"https:\/\/indigenousheritage.ca\/wp-content\/uploads\/thumb-about-min-1024x698.jpg","type":"","width":"","height":""}],"twitter_card":"summary_large_image","twitter_misc":{"Est. reading time":"2 minutes"},"schema":{"@context":"https:\/\/schema.org","@graph":[{"@type":"WebPage","@id":"https:\/\/indigenousheritage.ca\/fr\/comprehension\/declaration-des-nations-unies-sur-les-droits-des-peuples-autochtones\/","url":"https:\/\/indigenousheritage.ca\/fr\/comprehension\/declaration-des-nations-unies-sur-les-droits-des-peuples-autochtones\/","name":"D\u00e9claration des Nations Unies sur les droits des peuples autochtones - Indigenous Heritage Circle","isPartOf":{"@id":"https:\/\/indigenousheritage.ca\/#website"},"primaryImageOfPage":{"@id":"https:\/\/indigenousheritage.ca\/fr\/comprehension\/declaration-des-nations-unies-sur-les-droits-des-peuples-autochtones\/#primaryimage"},"image":{"@id":"https:\/\/indigenousheritage.ca\/fr\/comprehension\/declaration-des-nations-unies-sur-les-droits-des-peuples-autochtones\/#primaryimage"},"thumbnailUrl":"https:\/\/indigenousheritage.ca\/wp-content\/uploads\/thumb-about-min-1024x698.jpg","datePublished":"2023-10-11T15:39:36+00:00","dateModified":"2024-04-02T13:16:54+00:00","breadcrumb":{"@id":"https:\/\/indigenousheritage.ca\/fr\/comprehension\/declaration-des-nations-unies-sur-les-droits-des-peuples-autochtones\/#breadcrumb"},"inLanguage":"fr-FR","potentialAction":[{"@type":"ReadAction","target":["https:\/\/indigenousheritage.ca\/fr\/comprehension\/declaration-des-nations-unies-sur-les-droits-des-peuples-autochtones\/"]}]},{"@type":"ImageObject","inLanguage":"fr-FR","@id":"https:\/\/indigenousheritage.ca\/fr\/comprehension\/declaration-des-nations-unies-sur-les-droits-des-peuples-autochtones\/#primaryimage","url":"https:\/\/indigenousheritage.ca\/wp-content\/uploads\/thumb-about-min-1024x698.jpg","contentUrl":"https:\/\/indigenousheritage.ca\/wp-content\/uploads\/thumb-about-min-1024x698.jpg"},{"@type":"BreadcrumbList","@id":"https:\/\/indigenousheritage.ca\/fr\/comprehension\/declaration-des-nations-unies-sur-les-droits-des-peuples-autochtones\/#breadcrumb","itemListElement":[{"@type":"ListItem","position":1,"name":"Home","item":"https:\/\/indigenousheritage.ca\/fr\/"},{"@type":"ListItem","position":2,"name":"Compr\u00e9hension","item":"https:\/\/indigenousheritage.ca\/fr\/comprehension\/"},{"@type":"ListItem","position":3,"name":"D\u00e9claration des Nations Unies sur les droits des peuples autochtones"}]},{"@type":"WebSite","@id":"https:\/\/indigenousheritage.ca\/#website","url":"https:\/\/indigenousheritage.ca\/","name":"Indigenous Heritage Circle","description":"Advancing Indigenous Cultural Knowledge","potentialAction":[{"@type":"SearchAction","target":{"@type":"EntryPoint","urlTemplate":"https:\/\/indigenousheritage.ca\/?s={search_term_string}"},"query-input":{"@type":"PropertyValueSpecification","valueRequired":true,"valueName":"search_term_string"}}],"inLanguage":"fr-FR"}]}},"_links":{"self":[{"href":"https:\/\/indigenousheritage.ca\/fr\/wp-json\/wp\/v2\/pages\/4923","targetHints":{"allow":["GET"]}}],"collection":[{"href":"https:\/\/indigenousheritage.ca\/fr\/wp-json\/wp\/v2\/pages"}],"about":[{"href":"https:\/\/indigenousheritage.ca\/fr\/wp-json\/wp\/v2\/types\/page"}],"author":[{"embeddable":true,"href":"https:\/\/indigenousheritage.ca\/fr\/wp-json\/wp\/v2\/users\/2"}],"replies":[{"embeddable":true,"href":"https:\/\/indigenousheritage.ca\/fr\/wp-json\/wp\/v2\/comments?post=4923"}],"version-history":[{"count":0,"href":"https:\/\/indigenousheritage.ca\/fr\/wp-json\/wp\/v2\/pages\/4923\/revisions"}],"up":[{"embeddable":true,"href":"https:\/\/indigenousheritage.ca\/fr\/wp-json\/wp\/v2\/pages\/4907"}],"wp:attachment":[{"href":"https:\/\/indigenousheritage.ca\/fr\/wp-json\/wp\/v2\/media?parent=4923"}],"curies":[{"name":"wp","href":"https:\/\/api.w.org\/{rel}","templated":true}]}}