{"id":4920,"date":"2023-10-04T17:25:33","date_gmt":"2023-10-04T17:25:33","guid":{"rendered":"https:\/\/cw.accuratedev.ca\/understanding-fr\/making-change-happen\/"},"modified":"2024-04-02T13:17:03","modified_gmt":"2024-04-02T13:17:03","slug":"amener-un-changement","status":"publish","type":"page","link":"https:\/\/indigenousheritage.ca\/fr\/comprehension\/amener-un-changement\/","title":{"rendered":"Amener un changement"},"content":{"rendered":"\t\t<div data-elementor-type=\"wp-page\" data-elementor-id=\"4920\" class=\"elementor elementor-4920 elementor-4558\" data-elementor-post-type=\"page\">\n\t\t\t\t<div class=\"elementor-element elementor-element-aa2f70f e-con-full e-flex e-con e-parent\" data-id=\"aa2f70f\" data-element_type=\"container\">\n\t\t\t\t<div class=\"elementor-element elementor-element-b093ec4 intro-text elementor-widget elementor-widget-text-editor\" data-id=\"b093ec4\" data-element_type=\"widget\" data-widget_type=\"text-editor.default\">\n\t\t\t\t<div class=\"elementor-widget-container\">\n\t\t\t\t\t\t\t\t\t<p>Le colonialisme au Canada a eu une incidence directe sur le patrimoine culturel autochtone. De nombreuses lois et pratiques, comme la Loi sur les Indiens, le syst\u00e8me de r\u00e9serves, les pensionnats et la rafle des ann\u00e9es\u00a060, ont laiss\u00e9 un h\u00e9ritage n\u00e9gatif et \u00e0 long terme. Ces actions avaient comme but l\u2019affaiblissement et le bris de notre connexion \u00e0 nos territoires, identit\u00e9s, lois, langues, et \u00e0 nos familles. Bien que notre survie soit une preuve de l\u2019importance immense que nous accordons \u00e0 notre patrimoine, il est n\u00e9cessaire pour notre avenir de nous r\u00e9approprier, d\u2019enseigner, et de prot\u00e9ger le patrimoine autochtone avant qu\u2019il ne se perde davantage.<\/p>\t\t\t\t\t\t\t\t<\/div>\n\t\t\t\t<\/div>\n\t\t\t\t<\/div>\n\t\t<div class=\"elementor-element elementor-element-bbffbc3 e-con-full e-flex e-con e-parent\" data-id=\"bbffbc3\" data-element_type=\"container\">\n\t\t<div class=\"elementor-element elementor-element-386352c e-con-full e-flex e-con e-child\" data-id=\"386352c\" data-element_type=\"container\">\n\t\t\t\t<div class=\"elementor-element elementor-element-142642d elementor-widget elementor-widget-heading\" data-id=\"142642d\" data-element_type=\"widget\" data-widget_type=\"heading.default\">\n\t\t\t\t<div class=\"elementor-widget-container\">\n\t\t\t\t\t<h2 class=\"elementor-heading-title elementor-size-default\">Quelques d\u00e9fis cl\u00e9s <\/h2>\t\t\t\t<\/div>\n\t\t\t\t<\/div>\n\t\t\t\t<div class=\"elementor-element elementor-element-a1c1f12 elementor-widget__width-initial elementor-widget elementor-widget-text-editor\" data-id=\"a1c1f12\" data-element_type=\"widget\" data-widget_type=\"text-editor.default\">\n\t\t\t\t<div class=\"elementor-widget-container\">\n\t\t\t\t\t\t\t\t\t<ul><li><p>Les connaissances autochtones disparaissent puisque que les langues autochtones sont parl\u00e9es moins fr\u00e9quemment.<\/p><\/li><li><p>Les Canadiens et les visiteurs \u00e9trangers sont mal inform\u00e9s sur l\u2019histoire des lieux et des \u00e9v\u00e9nements en raison de l\u2019exclusion de sp\u00e9cialistes et de perspectives autochtones dans les programmes de recherche et les interpr\u00e9tations mus\u00e9ales.<\/p><\/li><li><p>Des lieux de s\u00e9pulture autochtones sont d\u00e9truits sans qu\u2019on permette aux peuples autochtones de recouvrer les restes de leurs anc\u00eatres, d\u2019effectuer des recherches scientifiques ou de suivre leurs protocoles culturels.<\/p><\/li><li><p>Des objets qui ont une signification culturelle importante pour les peuples autochtones sont enferm\u00e9s dans des r\u00e9serves de mus\u00e9es auxquelles les communaut\u00e9s n\u2019ont pas acc\u00e8s ou qu\u2019elles ne peuvent utiliser pour leurs propres enseignements et histoires.<\/p><\/li><\/ul>\t\t\t\t\t\t\t\t<\/div>\n\t\t\t\t<\/div>\n\t\t\t\t<\/div>\n\t\t<div class=\"elementor-element elementor-element-c1dd780 e-con-full e-flex e-con e-child\" data-id=\"c1dd780\" data-element_type=\"container\">\n\t\t\t\t<div class=\"elementor-element elementor-element-4ad86cf elementor-widget__width-initial elementor-widget elementor-widget-image\" data-id=\"4ad86cf\" data-element_type=\"widget\" data-widget_type=\"image.default\">\n\t\t\t\t<div class=\"elementor-widget-container\">\n\t\t\t\t\t\t\t\t\t\t\t\t\t\t\t<img fetchpriority=\"high\" decoding=\"async\" width=\"640\" height=\"436\" src=\"https:\/\/indigenousheritage.ca\/wp-content\/uploads\/thumb-about-min-1024x698.jpg\" class=\"attachment-large size-large wp-image-4639\" alt=\"Two men building a canoe\" srcset=\"https:\/\/indigenousheritage.ca\/wp-content\/uploads\/thumb-about-min-1024x698.jpg 1024w, https:\/\/indigenousheritage.ca\/wp-content\/uploads\/thumb-about-min-300x205.jpg 300w, https:\/\/indigenousheritage.ca\/wp-content\/uploads\/thumb-about-min-768x524.jpg 768w, https:\/\/indigenousheritage.ca\/wp-content\/uploads\/thumb-about-min.jpg 1200w\" sizes=\"(max-width: 640px) 100vw, 640px\" \/>\t\t\t\t\t\t\t\t\t\t\t\t\t\t\t<\/div>\n\t\t\t\t<\/div>\n\t\t\t\t<\/div>\n\t\t\t\t<\/div>\n\t\t\t\t<\/div>\n\t\t","protected":false},"excerpt":{"rendered":"<p>Le colonialisme au Canada a eu une incidence directe sur le patrimoine culturel autochtone. De nombreuses lois et pratiques, comme la Loi sur les Indiens, le syst\u00e8me de r\u00e9serves, les pensionnats et la rafle des ann\u00e9es\u00a060, ont laiss\u00e9 un h\u00e9ritage n\u00e9gatif et \u00e0 long terme. Ces actions avaient comme but l\u2019affaiblissement et le bris de [&hellip;]<\/p>\n","protected":false},"author":2,"featured_media":0,"parent":4907,"menu_order":0,"comment_status":"closed","ping_status":"closed","template":"","meta":{"_acf_changed":false,"footnotes":"","_wp_rev_ctl_limit":""},"class_list":["post-4920","page","type-page","status-publish","hentry"],"acf":[],"yoast_head":"<!-- This site is optimized with the Yoast SEO plugin v27.4 - https:\/\/yoast.com\/product\/yoast-seo-wordpress\/ -->\n<title>Amener un changement - Indigenous Heritage Circle<\/title>\n<meta name=\"robots\" content=\"index, follow, max-snippet:-1, max-image-preview:large, max-video-preview:-1\" \/>\n<link rel=\"canonical\" href=\"https:\/\/indigenousheritage.ca\/fr\/comprehension\/amener-un-changement\/\" \/>\n<meta property=\"og:locale\" content=\"fr_FR\" \/>\n<meta property=\"og:type\" content=\"article\" \/>\n<meta property=\"og:title\" content=\"Amener un changement - Indigenous Heritage Circle\" \/>\n<meta property=\"og:description\" content=\"Le colonialisme au Canada a eu une incidence directe sur le patrimoine culturel autochtone. De nombreuses lois et pratiques, comme la Loi sur les Indiens, le syst\u00e8me de r\u00e9serves, les pensionnats et la rafle des ann\u00e9es\u00a060, ont laiss\u00e9 un h\u00e9ritage n\u00e9gatif et \u00e0 long terme. Ces actions avaient comme but l\u2019affaiblissement et le bris de [&hellip;]\" \/>\n<meta property=\"og:url\" content=\"https:\/\/indigenousheritage.ca\/fr\/comprehension\/amener-un-changement\/\" \/>\n<meta property=\"og:site_name\" content=\"Indigenous Heritage Circle\" \/>\n<meta property=\"article:modified_time\" content=\"2024-04-02T13:17:03+00:00\" \/>\n<meta property=\"og:image\" content=\"https:\/\/indigenousheritage.ca\/wp-content\/uploads\/thumb-about-min-1024x698.jpg\" \/>\n<meta name=\"twitter:card\" content=\"summary_large_image\" \/>\n<meta name=\"twitter:label1\" content=\"Est. reading time\" \/>\n\t<meta name=\"twitter:data1\" content=\"2 minutes\" \/>\n<script type=\"application\/ld+json\" class=\"yoast-schema-graph\">{\"@context\":\"https:\\\/\\\/schema.org\",\"@graph\":[{\"@type\":\"WebPage\",\"@id\":\"https:\\\/\\\/indigenousheritage.ca\\\/fr\\\/comprehension\\\/amener-un-changement\\\/\",\"url\":\"https:\\\/\\\/indigenousheritage.ca\\\/fr\\\/comprehension\\\/amener-un-changement\\\/\",\"name\":\"Amener un changement - Indigenous Heritage Circle\",\"isPartOf\":{\"@id\":\"https:\\\/\\\/indigenousheritage.ca\\\/#website\"},\"primaryImageOfPage\":{\"@id\":\"https:\\\/\\\/indigenousheritage.ca\\\/fr\\\/comprehension\\\/amener-un-changement\\\/#primaryimage\"},\"image\":{\"@id\":\"https:\\\/\\\/indigenousheritage.ca\\\/fr\\\/comprehension\\\/amener-un-changement\\\/#primaryimage\"},\"thumbnailUrl\":\"https:\\\/\\\/indigenousheritage.ca\\\/wp-content\\\/uploads\\\/thumb-about-min-1024x698.jpg\",\"datePublished\":\"2023-10-04T17:25:33+00:00\",\"dateModified\":\"2024-04-02T13:17:03+00:00\",\"breadcrumb\":{\"@id\":\"https:\\\/\\\/indigenousheritage.ca\\\/fr\\\/comprehension\\\/amener-un-changement\\\/#breadcrumb\"},\"inLanguage\":\"fr-FR\",\"potentialAction\":[{\"@type\":\"ReadAction\",\"target\":[\"https:\\\/\\\/indigenousheritage.ca\\\/fr\\\/comprehension\\\/amener-un-changement\\\/\"]}]},{\"@type\":\"ImageObject\",\"inLanguage\":\"fr-FR\",\"@id\":\"https:\\\/\\\/indigenousheritage.ca\\\/fr\\\/comprehension\\\/amener-un-changement\\\/#primaryimage\",\"url\":\"https:\\\/\\\/indigenousheritage.ca\\\/wp-content\\\/uploads\\\/thumb-about-min-1024x698.jpg\",\"contentUrl\":\"https:\\\/\\\/indigenousheritage.ca\\\/wp-content\\\/uploads\\\/thumb-about-min-1024x698.jpg\"},{\"@type\":\"BreadcrumbList\",\"@id\":\"https:\\\/\\\/indigenousheritage.ca\\\/fr\\\/comprehension\\\/amener-un-changement\\\/#breadcrumb\",\"itemListElement\":[{\"@type\":\"ListItem\",\"position\":1,\"name\":\"Home\",\"item\":\"https:\\\/\\\/indigenousheritage.ca\\\/fr\\\/\"},{\"@type\":\"ListItem\",\"position\":2,\"name\":\"Compr\u00e9hension\",\"item\":\"https:\\\/\\\/indigenousheritage.ca\\\/fr\\\/comprehension\\\/\"},{\"@type\":\"ListItem\",\"position\":3,\"name\":\"Amener un changement\"}]},{\"@type\":\"WebSite\",\"@id\":\"https:\\\/\\\/indigenousheritage.ca\\\/#website\",\"url\":\"https:\\\/\\\/indigenousheritage.ca\\\/\",\"name\":\"Indigenous Heritage Circle\",\"description\":\"Advancing Indigenous Cultural Knowledge\",\"potentialAction\":[{\"@type\":\"SearchAction\",\"target\":{\"@type\":\"EntryPoint\",\"urlTemplate\":\"https:\\\/\\\/indigenousheritage.ca\\\/?s={search_term_string}\"},\"query-input\":{\"@type\":\"PropertyValueSpecification\",\"valueRequired\":true,\"valueName\":\"search_term_string\"}}],\"inLanguage\":\"fr-FR\"}]}<\/script>\n<!-- \/ Yoast SEO plugin. -->","yoast_head_json":{"title":"Amener un changement - Indigenous Heritage Circle","robots":{"index":"index","follow":"follow","max-snippet":"max-snippet:-1","max-image-preview":"max-image-preview:large","max-video-preview":"max-video-preview:-1"},"canonical":"https:\/\/indigenousheritage.ca\/fr\/comprehension\/amener-un-changement\/","og_locale":"fr_FR","og_type":"article","og_title":"Amener un changement - Indigenous Heritage Circle","og_description":"Le colonialisme au Canada a eu une incidence directe sur le patrimoine culturel autochtone. De nombreuses lois et pratiques, comme la Loi sur les Indiens, le syst\u00e8me de r\u00e9serves, les pensionnats et la rafle des ann\u00e9es\u00a060, ont laiss\u00e9 un h\u00e9ritage n\u00e9gatif et \u00e0 long terme. Ces actions avaient comme but l\u2019affaiblissement et le bris de [&hellip;]","og_url":"https:\/\/indigenousheritage.ca\/fr\/comprehension\/amener-un-changement\/","og_site_name":"Indigenous Heritage Circle","article_modified_time":"2024-04-02T13:17:03+00:00","og_image":[{"url":"https:\/\/indigenousheritage.ca\/wp-content\/uploads\/thumb-about-min-1024x698.jpg","type":"","width":"","height":""}],"twitter_card":"summary_large_image","twitter_misc":{"Est. reading time":"2 minutes"},"schema":{"@context":"https:\/\/schema.org","@graph":[{"@type":"WebPage","@id":"https:\/\/indigenousheritage.ca\/fr\/comprehension\/amener-un-changement\/","url":"https:\/\/indigenousheritage.ca\/fr\/comprehension\/amener-un-changement\/","name":"Amener un changement - Indigenous Heritage Circle","isPartOf":{"@id":"https:\/\/indigenousheritage.ca\/#website"},"primaryImageOfPage":{"@id":"https:\/\/indigenousheritage.ca\/fr\/comprehension\/amener-un-changement\/#primaryimage"},"image":{"@id":"https:\/\/indigenousheritage.ca\/fr\/comprehension\/amener-un-changement\/#primaryimage"},"thumbnailUrl":"https:\/\/indigenousheritage.ca\/wp-content\/uploads\/thumb-about-min-1024x698.jpg","datePublished":"2023-10-04T17:25:33+00:00","dateModified":"2024-04-02T13:17:03+00:00","breadcrumb":{"@id":"https:\/\/indigenousheritage.ca\/fr\/comprehension\/amener-un-changement\/#breadcrumb"},"inLanguage":"fr-FR","potentialAction":[{"@type":"ReadAction","target":["https:\/\/indigenousheritage.ca\/fr\/comprehension\/amener-un-changement\/"]}]},{"@type":"ImageObject","inLanguage":"fr-FR","@id":"https:\/\/indigenousheritage.ca\/fr\/comprehension\/amener-un-changement\/#primaryimage","url":"https:\/\/indigenousheritage.ca\/wp-content\/uploads\/thumb-about-min-1024x698.jpg","contentUrl":"https:\/\/indigenousheritage.ca\/wp-content\/uploads\/thumb-about-min-1024x698.jpg"},{"@type":"BreadcrumbList","@id":"https:\/\/indigenousheritage.ca\/fr\/comprehension\/amener-un-changement\/#breadcrumb","itemListElement":[{"@type":"ListItem","position":1,"name":"Home","item":"https:\/\/indigenousheritage.ca\/fr\/"},{"@type":"ListItem","position":2,"name":"Compr\u00e9hension","item":"https:\/\/indigenousheritage.ca\/fr\/comprehension\/"},{"@type":"ListItem","position":3,"name":"Amener un changement"}]},{"@type":"WebSite","@id":"https:\/\/indigenousheritage.ca\/#website","url":"https:\/\/indigenousheritage.ca\/","name":"Indigenous Heritage Circle","description":"Advancing Indigenous Cultural Knowledge","potentialAction":[{"@type":"SearchAction","target":{"@type":"EntryPoint","urlTemplate":"https:\/\/indigenousheritage.ca\/?s={search_term_string}"},"query-input":{"@type":"PropertyValueSpecification","valueRequired":true,"valueName":"search_term_string"}}],"inLanguage":"fr-FR"}]}},"_links":{"self":[{"href":"https:\/\/indigenousheritage.ca\/fr\/wp-json\/wp\/v2\/pages\/4920","targetHints":{"allow":["GET"]}}],"collection":[{"href":"https:\/\/indigenousheritage.ca\/fr\/wp-json\/wp\/v2\/pages"}],"about":[{"href":"https:\/\/indigenousheritage.ca\/fr\/wp-json\/wp\/v2\/types\/page"}],"author":[{"embeddable":true,"href":"https:\/\/indigenousheritage.ca\/fr\/wp-json\/wp\/v2\/users\/2"}],"replies":[{"embeddable":true,"href":"https:\/\/indigenousheritage.ca\/fr\/wp-json\/wp\/v2\/comments?post=4920"}],"version-history":[{"count":0,"href":"https:\/\/indigenousheritage.ca\/fr\/wp-json\/wp\/v2\/pages\/4920\/revisions"}],"up":[{"embeddable":true,"href":"https:\/\/indigenousheritage.ca\/fr\/wp-json\/wp\/v2\/pages\/4907"}],"wp:attachment":[{"href":"https:\/\/indigenousheritage.ca\/fr\/wp-json\/wp\/v2\/media?parent=4920"}],"curies":[{"name":"wp","href":"https:\/\/api.w.org\/{rel}","templated":true}]}}