{"id":4913,"date":"2023-10-11T15:35:43","date_gmt":"2023-10-11T15:35:43","guid":{"rendered":"https:\/\/cw.accuratedev.ca\/understanding-fr\/calls-to-action-justice-and-the-ihc\/"},"modified":"2024-04-02T13:16:59","modified_gmt":"2024-04-02T13:16:59","slug":"appels-a-laction-et-justice-au-cpa","status":"publish","type":"page","link":"https:\/\/indigenousheritage.ca\/fr\/comprehension\/appels-a-laction-et-justice-au-cpa\/","title":{"rendered":"Appels \u00e0 l\u2019action et justice au CPA"},"content":{"rendered":"\t\t<div data-elementor-type=\"wp-page\" data-elementor-id=\"4913\" class=\"elementor elementor-4913 elementor-4673\" data-elementor-post-type=\"page\">\n\t\t\t\t<div class=\"elementor-element elementor-element-aa2f70f e-con-full e-flex e-con e-parent\" data-id=\"aa2f70f\" data-element_type=\"container\">\n\t\t\t\t<div class=\"elementor-element elementor-element-b093ec4 intro-text elementor-widget elementor-widget-text-editor\" data-id=\"b093ec4\" data-element_type=\"widget\" data-widget_type=\"text-editor.default\">\n\t\t\t\t<div class=\"elementor-widget-container\">\n\t\t\t\t\t\t\t\t\t<p>Le gouvernement du Canada s\u2019est engag\u00e9 \u00e0 donner un nouveau souffle \u00e0 sa relation avec les peuples autochtones. Une grande part de cet engagement d\u00e9coule du rapport de la <a href=\"http:\/\/trc.ca\/assets\/pdf\/Calls_to_Action_English2.pdf\">Commission de v\u00e9rit\u00e9 et r\u00e9conciliation du Canada<\/a> (CVR), qui a d\u00e9crit l\u2019impact interg\u00e9n\u00e9rationnel profond et \u00e0 long terme du syst\u00e8me de pensionnats indiens sur le bien-\u00eatre et le patrimoine culturel des peuples autochtones. . <a href=\"https:\/\/www.mmiwg-ffada.ca\/fr\/final-report\/\">Le rapport final de l\u2019Enqu\u00eate nationale sur les femmes et filles autochtones disparues et assassin\u00e9es<\/a> (ENFFADA; 2019) a contribu\u00e9 \u00e0 la compr\u00e9hension des dommages caus\u00e9s par le colonialisme sur les communaut\u00e9s et les cultures autochtones.<\/p>\t\t\t\t\t\t\t\t<\/div>\n\t\t\t\t<\/div>\n\t\t\t\t<\/div>\n\t\t<div class=\"elementor-element elementor-element-bbffbc3 e-con-full e-flex e-con e-parent\" data-id=\"bbffbc3\" data-element_type=\"container\">\n\t\t\t\t<div class=\"elementor-element elementor-element-a1c1f12 elementor-widget__width-initial elementor-widget elementor-widget-text-editor\" data-id=\"a1c1f12\" data-element_type=\"widget\" data-widget_type=\"text-editor.default\">\n\t\t\t\t<div class=\"elementor-widget-container\">\n\t\t\t\t\t\t\t\t\t<p>Les appels \u00e0 l\u2019action de la CVR et les appels \u00e0 la justice du rapport de l\u2019ENFFADA ont soulign\u00e9 les questions prioritaires sur lesquelles le gouvernement du Canada doit se pencher pour entamer sa r\u00e9conciliation avec les peuples autochtones. Celles-ci incluent la mise en place de la <a href=\"https:\/\/www.un.org\/esa\/socdev\/unpfii\/documents\/DRIPS_fr.pdf\">D\u00e9claration des Nations Unies sur les droits des peuples autochtones<\/a> (DNUDPA). Ils traitent directement des droits des peuples autochtones \u00e0 maintenir, \u00e0 contr\u00f4ler, \u00e0 d\u00e9terminer et \u00e0 prot\u00e9ger leur patrimoine culturel, mais aussi de la responsabilit\u00e9 du gouvernement f\u00e9d\u00e9ral du Canada d\u2019int\u00e9grer le patrimoine autochtone dans ses politiques et pratiques.<\/p><p>L\u2019objectif du CPA est de r\u00e9pondre aux besoins des communaut\u00e9s autochtones afin de soutenir un changement syst\u00e9mique dans les approches du patrimoine culturel autochtone au Canada. Dans le cadre du processus de r\u00e9conciliation et d\u2019\u00e9tablissement de nouvelles relations avec les peuples autochtones, le CPA croit que le gouvernement du Canada, en collaboration avec ses partenaires des provinces et territoires, doit \u00eatre encourag\u00e9 \u00e0 soutenir la cr\u00e9ation d\u2019une organisation nationale dirig\u00e9e par des Autochtones qui faciliterait les changements au sein des organisations et des communaut\u00e9s dans l\u2019ensemble du pays et qui \u00e9tablirait des mod\u00e8les et des pratiques d\u2019excellence qui pourraient servir aux autres. Le CPA consid\u00e8re que son r\u00f4le est de fournir des sources de soutien, de promotion et d\u2019\u00e9ducation viables et \u00e0 long terme en mati\u00e8re de patrimoine culturel autochtone.<\/p>\t\t\t\t\t\t\t\t<\/div>\n\t\t\t\t<\/div>\n\t\t<div class=\"elementor-element elementor-element-c1dd780 e-con-full e-flex e-con e-child\" data-id=\"c1dd780\" data-element_type=\"container\">\n\t\t\t\t<div class=\"elementor-element elementor-element-4ad86cf elementor-widget__width-initial elementor-widget elementor-widget-image\" data-id=\"4ad86cf\" data-element_type=\"widget\" data-widget_type=\"image.default\">\n\t\t\t\t<div class=\"elementor-widget-container\">\n\t\t\t\t\t\t\t\t\t\t\t\t\t\t\t<img fetchpriority=\"high\" decoding=\"async\" width=\"640\" height=\"436\" src=\"https:\/\/indigenousheritage.ca\/wp-content\/uploads\/thumb-about-min-1024x698.jpg\" class=\"attachment-large size-large wp-image-4639\" alt=\"Two men building a canoe\" srcset=\"https:\/\/indigenousheritage.ca\/wp-content\/uploads\/thumb-about-min-1024x698.jpg 1024w, https:\/\/indigenousheritage.ca\/wp-content\/uploads\/thumb-about-min-300x205.jpg 300w, https:\/\/indigenousheritage.ca\/wp-content\/uploads\/thumb-about-min-768x524.jpg 768w, https:\/\/indigenousheritage.ca\/wp-content\/uploads\/thumb-about-min.jpg 1200w\" sizes=\"(max-width: 640px) 100vw, 640px\" \/>\t\t\t\t\t\t\t\t\t\t\t\t\t\t\t<\/div>\n\t\t\t\t<\/div>\n\t\t\t\t<\/div>\n\t\t\t\t<\/div>\n\t\t\t\t<\/div>\n\t\t","protected":false},"excerpt":{"rendered":"<p>Le gouvernement du Canada s\u2019est engag\u00e9 \u00e0 donner un nouveau souffle \u00e0 sa relation avec les peuples autochtones. Une grande part de cet engagement d\u00e9coule du rapport de la Commission de v\u00e9rit\u00e9 et r\u00e9conciliation du Canada (CVR), qui a d\u00e9crit l\u2019impact interg\u00e9n\u00e9rationnel profond et \u00e0 long terme du syst\u00e8me de pensionnats indiens sur le bien-\u00eatre [&hellip;]<\/p>\n","protected":false},"author":2,"featured_media":0,"parent":4907,"menu_order":0,"comment_status":"closed","ping_status":"closed","template":"","meta":{"_acf_changed":false,"footnotes":"","_wp_rev_ctl_limit":""},"class_list":["post-4913","page","type-page","status-publish","hentry"],"acf":[],"yoast_head":"<!-- This site is optimized with the Yoast SEO plugin v27.3 - https:\/\/yoast.com\/product\/yoast-seo-wordpress\/ -->\n<title>Appels \u00e0 l\u2019action et justice au CPA - Indigenous Heritage Circle<\/title>\n<meta name=\"robots\" content=\"index, follow, max-snippet:-1, max-image-preview:large, max-video-preview:-1\" \/>\n<link rel=\"canonical\" href=\"https:\/\/indigenousheritage.ca\/fr\/comprehension\/appels-a-laction-et-justice-au-cpa\/\" \/>\n<meta property=\"og:locale\" content=\"fr_FR\" \/>\n<meta property=\"og:type\" content=\"article\" \/>\n<meta property=\"og:title\" content=\"Appels \u00e0 l\u2019action et justice au CPA - Indigenous Heritage Circle\" \/>\n<meta property=\"og:description\" content=\"Le gouvernement du Canada s\u2019est engag\u00e9 \u00e0 donner un nouveau souffle \u00e0 sa relation avec les peuples autochtones. Une grande part de cet engagement d\u00e9coule du rapport de la Commission de v\u00e9rit\u00e9 et r\u00e9conciliation du Canada (CVR), qui a d\u00e9crit l\u2019impact interg\u00e9n\u00e9rationnel profond et \u00e0 long terme du syst\u00e8me de pensionnats indiens sur le bien-\u00eatre [&hellip;]\" \/>\n<meta property=\"og:url\" content=\"https:\/\/indigenousheritage.ca\/fr\/comprehension\/appels-a-laction-et-justice-au-cpa\/\" \/>\n<meta property=\"og:site_name\" content=\"Indigenous Heritage Circle\" \/>\n<meta property=\"article:modified_time\" content=\"2024-04-02T13:16:59+00:00\" \/>\n<meta property=\"og:image\" content=\"https:\/\/indigenousheritage.ca\/wp-content\/uploads\/thumb-about-min-1024x698.jpg\" \/>\n<meta name=\"twitter:card\" content=\"summary_large_image\" \/>\n<meta name=\"twitter:label1\" content=\"Est. reading time\" \/>\n\t<meta name=\"twitter:data1\" content=\"2 minutes\" \/>\n<script type=\"application\/ld+json\" class=\"yoast-schema-graph\">{\"@context\":\"https:\\\/\\\/schema.org\",\"@graph\":[{\"@type\":\"WebPage\",\"@id\":\"https:\\\/\\\/indigenousheritage.ca\\\/fr\\\/comprehension\\\/appels-a-laction-et-justice-au-cpa\\\/\",\"url\":\"https:\\\/\\\/indigenousheritage.ca\\\/fr\\\/comprehension\\\/appels-a-laction-et-justice-au-cpa\\\/\",\"name\":\"Appels \u00e0 l\u2019action et justice au CPA - Indigenous Heritage Circle\",\"isPartOf\":{\"@id\":\"https:\\\/\\\/indigenousheritage.ca\\\/#website\"},\"primaryImageOfPage\":{\"@id\":\"https:\\\/\\\/indigenousheritage.ca\\\/fr\\\/comprehension\\\/appels-a-laction-et-justice-au-cpa\\\/#primaryimage\"},\"image\":{\"@id\":\"https:\\\/\\\/indigenousheritage.ca\\\/fr\\\/comprehension\\\/appels-a-laction-et-justice-au-cpa\\\/#primaryimage\"},\"thumbnailUrl\":\"https:\\\/\\\/indigenousheritage.ca\\\/wp-content\\\/uploads\\\/thumb-about-min-1024x698.jpg\",\"datePublished\":\"2023-10-11T15:35:43+00:00\",\"dateModified\":\"2024-04-02T13:16:59+00:00\",\"breadcrumb\":{\"@id\":\"https:\\\/\\\/indigenousheritage.ca\\\/fr\\\/comprehension\\\/appels-a-laction-et-justice-au-cpa\\\/#breadcrumb\"},\"inLanguage\":\"fr-FR\",\"potentialAction\":[{\"@type\":\"ReadAction\",\"target\":[\"https:\\\/\\\/indigenousheritage.ca\\\/fr\\\/comprehension\\\/appels-a-laction-et-justice-au-cpa\\\/\"]}]},{\"@type\":\"ImageObject\",\"inLanguage\":\"fr-FR\",\"@id\":\"https:\\\/\\\/indigenousheritage.ca\\\/fr\\\/comprehension\\\/appels-a-laction-et-justice-au-cpa\\\/#primaryimage\",\"url\":\"https:\\\/\\\/indigenousheritage.ca\\\/wp-content\\\/uploads\\\/thumb-about-min-1024x698.jpg\",\"contentUrl\":\"https:\\\/\\\/indigenousheritage.ca\\\/wp-content\\\/uploads\\\/thumb-about-min-1024x698.jpg\"},{\"@type\":\"BreadcrumbList\",\"@id\":\"https:\\\/\\\/indigenousheritage.ca\\\/fr\\\/comprehension\\\/appels-a-laction-et-justice-au-cpa\\\/#breadcrumb\",\"itemListElement\":[{\"@type\":\"ListItem\",\"position\":1,\"name\":\"Home\",\"item\":\"https:\\\/\\\/indigenousheritage.ca\\\/fr\\\/\"},{\"@type\":\"ListItem\",\"position\":2,\"name\":\"Compr\u00e9hension\",\"item\":\"https:\\\/\\\/indigenousheritage.ca\\\/fr\\\/comprehension\\\/\"},{\"@type\":\"ListItem\",\"position\":3,\"name\":\"Appels \u00e0 l\u2019action et justice au CPA\"}]},{\"@type\":\"WebSite\",\"@id\":\"https:\\\/\\\/indigenousheritage.ca\\\/#website\",\"url\":\"https:\\\/\\\/indigenousheritage.ca\\\/\",\"name\":\"Indigenous Heritage Circle\",\"description\":\"Advancing Indigenous Cultural Knowledge\",\"potentialAction\":[{\"@type\":\"SearchAction\",\"target\":{\"@type\":\"EntryPoint\",\"urlTemplate\":\"https:\\\/\\\/indigenousheritage.ca\\\/?s={search_term_string}\"},\"query-input\":{\"@type\":\"PropertyValueSpecification\",\"valueRequired\":true,\"valueName\":\"search_term_string\"}}],\"inLanguage\":\"fr-FR\"}]}<\/script>\n<!-- \/ Yoast SEO plugin. -->","yoast_head_json":{"title":"Appels \u00e0 l\u2019action et justice au CPA - Indigenous Heritage Circle","robots":{"index":"index","follow":"follow","max-snippet":"max-snippet:-1","max-image-preview":"max-image-preview:large","max-video-preview":"max-video-preview:-1"},"canonical":"https:\/\/indigenousheritage.ca\/fr\/comprehension\/appels-a-laction-et-justice-au-cpa\/","og_locale":"fr_FR","og_type":"article","og_title":"Appels \u00e0 l\u2019action et justice au CPA - Indigenous Heritage Circle","og_description":"Le gouvernement du Canada s\u2019est engag\u00e9 \u00e0 donner un nouveau souffle \u00e0 sa relation avec les peuples autochtones. Une grande part de cet engagement d\u00e9coule du rapport de la Commission de v\u00e9rit\u00e9 et r\u00e9conciliation du Canada (CVR), qui a d\u00e9crit l\u2019impact interg\u00e9n\u00e9rationnel profond et \u00e0 long terme du syst\u00e8me de pensionnats indiens sur le bien-\u00eatre [&hellip;]","og_url":"https:\/\/indigenousheritage.ca\/fr\/comprehension\/appels-a-laction-et-justice-au-cpa\/","og_site_name":"Indigenous Heritage Circle","article_modified_time":"2024-04-02T13:16:59+00:00","og_image":[{"url":"https:\/\/indigenousheritage.ca\/wp-content\/uploads\/thumb-about-min-1024x698.jpg","type":"","width":"","height":""}],"twitter_card":"summary_large_image","twitter_misc":{"Est. reading time":"2 minutes"},"schema":{"@context":"https:\/\/schema.org","@graph":[{"@type":"WebPage","@id":"https:\/\/indigenousheritage.ca\/fr\/comprehension\/appels-a-laction-et-justice-au-cpa\/","url":"https:\/\/indigenousheritage.ca\/fr\/comprehension\/appels-a-laction-et-justice-au-cpa\/","name":"Appels \u00e0 l\u2019action et justice au CPA - Indigenous Heritage Circle","isPartOf":{"@id":"https:\/\/indigenousheritage.ca\/#website"},"primaryImageOfPage":{"@id":"https:\/\/indigenousheritage.ca\/fr\/comprehension\/appels-a-laction-et-justice-au-cpa\/#primaryimage"},"image":{"@id":"https:\/\/indigenousheritage.ca\/fr\/comprehension\/appels-a-laction-et-justice-au-cpa\/#primaryimage"},"thumbnailUrl":"https:\/\/indigenousheritage.ca\/wp-content\/uploads\/thumb-about-min-1024x698.jpg","datePublished":"2023-10-11T15:35:43+00:00","dateModified":"2024-04-02T13:16:59+00:00","breadcrumb":{"@id":"https:\/\/indigenousheritage.ca\/fr\/comprehension\/appels-a-laction-et-justice-au-cpa\/#breadcrumb"},"inLanguage":"fr-FR","potentialAction":[{"@type":"ReadAction","target":["https:\/\/indigenousheritage.ca\/fr\/comprehension\/appels-a-laction-et-justice-au-cpa\/"]}]},{"@type":"ImageObject","inLanguage":"fr-FR","@id":"https:\/\/indigenousheritage.ca\/fr\/comprehension\/appels-a-laction-et-justice-au-cpa\/#primaryimage","url":"https:\/\/indigenousheritage.ca\/wp-content\/uploads\/thumb-about-min-1024x698.jpg","contentUrl":"https:\/\/indigenousheritage.ca\/wp-content\/uploads\/thumb-about-min-1024x698.jpg"},{"@type":"BreadcrumbList","@id":"https:\/\/indigenousheritage.ca\/fr\/comprehension\/appels-a-laction-et-justice-au-cpa\/#breadcrumb","itemListElement":[{"@type":"ListItem","position":1,"name":"Home","item":"https:\/\/indigenousheritage.ca\/fr\/"},{"@type":"ListItem","position":2,"name":"Compr\u00e9hension","item":"https:\/\/indigenousheritage.ca\/fr\/comprehension\/"},{"@type":"ListItem","position":3,"name":"Appels \u00e0 l\u2019action et justice au CPA"}]},{"@type":"WebSite","@id":"https:\/\/indigenousheritage.ca\/#website","url":"https:\/\/indigenousheritage.ca\/","name":"Indigenous Heritage Circle","description":"Advancing Indigenous Cultural Knowledge","potentialAction":[{"@type":"SearchAction","target":{"@type":"EntryPoint","urlTemplate":"https:\/\/indigenousheritage.ca\/?s={search_term_string}"},"query-input":{"@type":"PropertyValueSpecification","valueRequired":true,"valueName":"search_term_string"}}],"inLanguage":"fr-FR"}]}},"_links":{"self":[{"href":"https:\/\/indigenousheritage.ca\/fr\/wp-json\/wp\/v2\/pages\/4913","targetHints":{"allow":["GET"]}}],"collection":[{"href":"https:\/\/indigenousheritage.ca\/fr\/wp-json\/wp\/v2\/pages"}],"about":[{"href":"https:\/\/indigenousheritage.ca\/fr\/wp-json\/wp\/v2\/types\/page"}],"author":[{"embeddable":true,"href":"https:\/\/indigenousheritage.ca\/fr\/wp-json\/wp\/v2\/users\/2"}],"replies":[{"embeddable":true,"href":"https:\/\/indigenousheritage.ca\/fr\/wp-json\/wp\/v2\/comments?post=4913"}],"version-history":[{"count":0,"href":"https:\/\/indigenousheritage.ca\/fr\/wp-json\/wp\/v2\/pages\/4913\/revisions"}],"up":[{"embeddable":true,"href":"https:\/\/indigenousheritage.ca\/fr\/wp-json\/wp\/v2\/pages\/4907"}],"wp:attachment":[{"href":"https:\/\/indigenousheritage.ca\/fr\/wp-json\/wp\/v2\/media?parent=4913"}],"curies":[{"name":"wp","href":"https:\/\/api.w.org\/{rel}","templated":true}]}}